{"id":10,"date":"2024-05-21T17:40:22","date_gmt":"2024-05-21T15:40:22","guid":{"rendered":"https:\/\/urlaubinkolberg.de\/?page_id=10"},"modified":"2024-07-07T23:36:16","modified_gmt":"2024-07-07T21:36:16","slug":"anfahrt","status":"publish","type":"page","link":"https:\/\/urlaubinkolberg.de\/pl\/anfahrt\/","title":{"rendered":"Dojazd"},"content":{"rendered":"<blockquote class=\"wp-block-quote is-layout-flow wp-block-quote-is-layout-flow\">\n<p><strong>Adres:<\/strong><br>Poleska 10<br>78-100 Kolberg (Podczele)<\/p>\n<\/blockquote>\n\n\n\n<iframe src=\"https:\/\/www.google.com\/maps\/embed?pb=!1m17!1m12!1m3!1d2334.2266911930315!2d15.665253076458947!3d54.19377011098129!2m3!1f0!2f0!3f0!3m2!1i1024!2i768!4f13.1!3m2!1m1!2zNTTCsDExJzM3LjYiTiAxNcKwNDAnMDQuMiJF!5e0!3m2!1sde!2sde!4v1716305978795!5m2!1sde!2sde\" width=\"800\" height=\"600\" style=\"border:0;\" allowfullscreen=\"\" loading=\"lazy\" referrerpolicy=\"no-referrer-when-downgrade\"><\/iframe>\n\n\n\n<div class=\"wp-block-buttons is-layout-flex wp-block-buttons-is-layout-flex\">\n<div class=\"wp-block-button\"><a class=\"wp-block-button__link wp-element-button\" href=\"https:\/\/www.google.com\/maps\/dir\/\/54.1931608,+15.6661512\/@54.1932488,15.6661945,19.98z\">Rozpocznij nawigacj\u0119 Mapy Google<\/a><\/div>\n\n\n\n<div class=\"wp-block-button\"><a class=\"wp-block-button__link wp-element-button\" href=\"http:\/\/maps.apple.com\/?daddr=54.1931608,15.6661512\">Starte Navigation Apple Maps<\/a><\/div>\n<\/div>\n\n\n\n<p><\/p>\n\n\n\n<p>Najlepiej podac w nawigacji nastepujace wspolrzedne 54.1931608, 15.6661512<\/p>\n\n\n\n<p>Z Berlina nale\u017cy jecha\u0107 autostrad\u0105 A11 w kierunku Szczecina, a nast\u0119pnie A6\/S6 do Gda\u0144ska. Zjazd Ko\u0142obrzeg Wsch\u00f3d i przejazd przez miasto. Nast\u0119pnie nale\u017cy wjecha\u0107 na DK11 (w kierunku Koszalina) i po ok. 6 km dojecha\u0107 do dzielnicy Podczele.&nbsp;&nbsp;<\/p>\n\n\n\n<p>W miejscowo\u015bci Podczele nale\u017cy skr\u0119ci\u0107 z ulicy Lwowskiej w ulic\u0119 widoczn\u0105 na dole zdj\u0119cia.<\/p>\n\n\n\n<figure class=\"wp-block-image size-large\"><img loading=\"lazy\" decoding=\"async\" width=\"1024\" height=\"775\" src=\"https:\/\/urlaubinkolberg.de\/wp-content\/uploads\/2024\/07\/image-6-1024x775.png\" alt=\"\" class=\"wp-image-225\" srcset=\"https:\/\/urlaubinkolberg.de\/wp-content\/uploads\/2024\/07\/image-6-1024x775.png 1024w, https:\/\/urlaubinkolberg.de\/wp-content\/uploads\/2024\/07\/image-6-300x227.png 300w, https:\/\/urlaubinkolberg.de\/wp-content\/uploads\/2024\/07\/image-6-768x581.png 768w, https:\/\/urlaubinkolberg.de\/wp-content\/uploads\/2024\/07\/image-6-16x12.png 16w, https:\/\/urlaubinkolberg.de\/wp-content\/uploads\/2024\/07\/image-6.png 1095w\" sizes=\"auto, (max-width: 1024px) 100vw, 1024px\" \/><\/figure>\n\n\n\n<p>Nast\u0119pnie id\u017a prosto do ko\u0144ca drogi i skr\u0119\u0107 w lewo, a\u017c dojdziesz do domu pod numerem 10.&nbsp;<br><\/p>\n\n\n\n<figure class=\"wp-block-image size-full\"><img loading=\"lazy\" decoding=\"async\" width=\"895\" height=\"851\" src=\"https:\/\/urlaubinkolberg.de\/wp-content\/uploads\/2024\/07\/image-7.png\" alt=\"\" class=\"wp-image-226\" srcset=\"https:\/\/urlaubinkolberg.de\/wp-content\/uploads\/2024\/07\/image-7.png 895w, https:\/\/urlaubinkolberg.de\/wp-content\/uploads\/2024\/07\/image-7-300x285.png 300w, https:\/\/urlaubinkolberg.de\/wp-content\/uploads\/2024\/07\/image-7-768x730.png 768w, https:\/\/urlaubinkolberg.de\/wp-content\/uploads\/2024\/07\/image-7-13x12.png 13w\" sizes=\"auto, (max-width: 895px) 100vw, 895px\" \/><\/figure>\n\n\n\n<p>Das Apartment befindet sich im Erdgeschoss. Erste T\u00fcr auf der linken Seite&nbsp;&nbsp;&#8211; 001.<br><\/p>\n\n\n\n<figure class=\"wp-block-image size-large\"><img loading=\"lazy\" decoding=\"async\" width=\"1024\" height=\"712\" src=\"https:\/\/urlaubinkolberg.de\/wp-content\/uploads\/2024\/07\/image-8-1024x712.png\" alt=\"\" class=\"wp-image-227\" srcset=\"https:\/\/urlaubinkolberg.de\/wp-content\/uploads\/2024\/07\/image-8-1024x712.png 1024w, https:\/\/urlaubinkolberg.de\/wp-content\/uploads\/2024\/07\/image-8-300x209.png 300w, https:\/\/urlaubinkolberg.de\/wp-content\/uploads\/2024\/07\/image-8-768x534.png 768w, https:\/\/urlaubinkolberg.de\/wp-content\/uploads\/2024\/07\/image-8-18x12.png 18w, https:\/\/urlaubinkolberg.de\/wp-content\/uploads\/2024\/07\/image-8-1140x792.png 1140w, https:\/\/urlaubinkolberg.de\/wp-content\/uploads\/2024\/07\/image-8.png 1279w\" sizes=\"auto, (max-width: 1024px) 100vw, 1024px\" \/><\/figure>\n\n\n\n<p>Nie potrzebujesz klucza do pierwszych drzwi.&nbsp;<\/p>\n\n\n\n<figure class=\"wp-block-image size-large\"><img loading=\"lazy\" decoding=\"async\" width=\"1024\" height=\"676\" src=\"https:\/\/urlaubinkolberg.de\/wp-content\/uploads\/2024\/07\/image-9-1024x676.png\" alt=\"\" class=\"wp-image-228\" srcset=\"https:\/\/urlaubinkolberg.de\/wp-content\/uploads\/2024\/07\/image-9-1024x676.png 1024w, https:\/\/urlaubinkolberg.de\/wp-content\/uploads\/2024\/07\/image-9-300x198.png 300w, https:\/\/urlaubinkolberg.de\/wp-content\/uploads\/2024\/07\/image-9-768x507.png 768w, https:\/\/urlaubinkolberg.de\/wp-content\/uploads\/2024\/07\/image-9-18x12.png 18w, https:\/\/urlaubinkolberg.de\/wp-content\/uploads\/2024\/07\/image-9-1140x753.png 1140w, https:\/\/urlaubinkolberg.de\/wp-content\/uploads\/2024\/07\/image-9.png 1261w\" sizes=\"auto, (max-width: 1024px) 100vw, 1024px\" \/><\/figure>\n\n\n\n<p><\/p>","protected":false},"excerpt":{"rendered":"<p>Adresse:Poleska 1078-100 Kolberg (Podczele) Am besten folgende Daten in Navi eingeben: (54.1931608, 15.6661512) Aus Berlin die Autobahn A11 Richtung Stettin (Szczecin), danach die A6\/S6 nach Danzig (Gdansk). Ausfahrt Kolobrzeg Wschod nehmen und durch die Stadt fahren. Danach nach die DK11 (Richtung Koszalin) nehmen und nach ca. 6 km erreicht man den Stadtteil Podczele.&nbsp;&nbsp; In Podczele aus der Stra\u00dfe Lwowska in die Stra\u00dfe unten auf dem Bild sichtbar reinfahren. Danach geradeaus bis zur Ende der Stra\u00dfe und links, bis das Haus mit der Nummer 10 erreicht wird.&nbsp; Das Apartment befindet sich im Erdgeschoss. Erste T\u00fcr auf der linken Seite&nbsp;&nbsp;&#8211; 001. F\u00fcr die erste T\u00fcr ben\u00f6tigt man keinen Schl\u00fcssel.&nbsp;<\/p>","protected":false},"author":1,"featured_media":0,"parent":0,"menu_order":0,"comment_status":"closed","ping_status":"closed","template":"","meta":{"_monsterinsights_skip_tracking":false,"_monsterinsights_sitenote_active":false,"_monsterinsights_sitenote_note":"","_monsterinsights_sitenote_category":0,"footnotes":""},"class_list":["post-10","page","type-page","status-publish","hentry"],"_links":{"self":[{"href":"https:\/\/urlaubinkolberg.de\/pl\/wp-json\/wp\/v2\/pages\/10","targetHints":{"allow":["GET"]}}],"collection":[{"href":"https:\/\/urlaubinkolberg.de\/pl\/wp-json\/wp\/v2\/pages"}],"about":[{"href":"https:\/\/urlaubinkolberg.de\/pl\/wp-json\/wp\/v2\/types\/page"}],"author":[{"embeddable":true,"href":"https:\/\/urlaubinkolberg.de\/pl\/wp-json\/wp\/v2\/users\/1"}],"replies":[{"embeddable":true,"href":"https:\/\/urlaubinkolberg.de\/pl\/wp-json\/wp\/v2\/comments?post=10"}],"version-history":[{"count":5,"href":"https:\/\/urlaubinkolberg.de\/pl\/wp-json\/wp\/v2\/pages\/10\/revisions"}],"predecessor-version":[{"id":231,"href":"https:\/\/urlaubinkolberg.de\/pl\/wp-json\/wp\/v2\/pages\/10\/revisions\/231"}],"wp:attachment":[{"href":"https:\/\/urlaubinkolberg.de\/pl\/wp-json\/wp\/v2\/media?parent=10"}],"curies":[{"name":"wp","href":"https:\/\/api.w.org\/{rel}","templated":true}]}}