{"id":138,"date":"2024-05-26T19:22:06","date_gmt":"2024-05-26T17:22:06","guid":{"rendered":"https:\/\/urlaubinkolberg.de\/?page_id=138"},"modified":"2024-07-08T12:08:11","modified_gmt":"2024-07-08T10:08:11","slug":"kinder","status":"publish","type":"page","link":"https:\/\/urlaubinkolberg.de\/pl\/kinder\/","title":{"rendered":"Dla dzieci"},"content":{"rendered":"<blockquote class=\"wp-block-quote is-layout-flow wp-block-quote-is-layout-flow\">\n<p>In der Anlage finden die Kinder zwei super ausgestattete Au\u00dfenspielpl\u00e4tze und einen Indoor-Spielplatz. Hier k\u00f6nnen sich die J\u00fcngsten von 10:00 bis 22:00 Uhr austoben, w\u00e4hrend die Eltern im Fitnessstudio trainieren. Durch eine Glaswand kann man die Kinder beobachten und sich beim Sport entspannen.  <\/p>\n<\/blockquote>\n\n\n\n<figure class=\"wp-block-gallery has-nested-images columns-default is-cropped wp-block-gallery-1 is-layout-flex wp-block-gallery-is-layout-flex\">\n<figure class=\"wp-block-image size-large\"><img loading=\"lazy\" decoding=\"async\" width=\"1024\" height=\"768\" data-id=\"151\" src=\"https:\/\/urlaubinkolberg.de\/wp-content\/uploads\/2024\/05\/IMG_26101-2-1024x768.jpg\" alt=\"\" class=\"wp-image-151\" srcset=\"https:\/\/urlaubinkolberg.de\/wp-content\/uploads\/2024\/05\/IMG_26101-2-1024x768.jpg 1024w, https:\/\/urlaubinkolberg.de\/wp-content\/uploads\/2024\/05\/IMG_26101-2-300x225.jpg 300w, https:\/\/urlaubinkolberg.de\/wp-content\/uploads\/2024\/05\/IMG_26101-2-768x576.jpg 768w, https:\/\/urlaubinkolberg.de\/wp-content\/uploads\/2024\/05\/IMG_26101-2-1536x1152.jpg 1536w, https:\/\/urlaubinkolberg.de\/wp-content\/uploads\/2024\/05\/IMG_26101-2-2048x1536.jpg 2048w, https:\/\/urlaubinkolberg.de\/wp-content\/uploads\/2024\/05\/IMG_26101-2-1140x855.jpg 1140w\" sizes=\"auto, (max-width: 1024px) 100vw, 1024px\" \/><\/figure>\n\n\n\n<figure class=\"wp-block-image size-large\"><img loading=\"lazy\" decoding=\"async\" width=\"1024\" height=\"768\" data-id=\"148\" src=\"https:\/\/urlaubinkolberg.de\/wp-content\/uploads\/2024\/05\/IMG_26112-1-1024x768.jpg\" alt=\"\" class=\"wp-image-148\" srcset=\"https:\/\/urlaubinkolberg.de\/wp-content\/uploads\/2024\/05\/IMG_26112-1-1024x768.jpg 1024w, https:\/\/urlaubinkolberg.de\/wp-content\/uploads\/2024\/05\/IMG_26112-1-300x225.jpg 300w, https:\/\/urlaubinkolberg.de\/wp-content\/uploads\/2024\/05\/IMG_26112-1-768x576.jpg 768w, https:\/\/urlaubinkolberg.de\/wp-content\/uploads\/2024\/05\/IMG_26112-1-1536x1152.jpg 1536w, https:\/\/urlaubinkolberg.de\/wp-content\/uploads\/2024\/05\/IMG_26112-1-2048x1536.jpg 2048w, https:\/\/urlaubinkolberg.de\/wp-content\/uploads\/2024\/05\/IMG_26112-1-1140x855.jpg 1140w\" sizes=\"auto, (max-width: 1024px) 100vw, 1024px\" \/><\/figure>\n\n\n\n<figure class=\"wp-block-image size-large\"><img loading=\"lazy\" decoding=\"async\" width=\"1024\" height=\"768\" data-id=\"147\" src=\"https:\/\/urlaubinkolberg.de\/wp-content\/uploads\/2024\/05\/IMG_26122-1-1024x768.jpg\" alt=\"\" class=\"wp-image-147\" srcset=\"https:\/\/urlaubinkolberg.de\/wp-content\/uploads\/2024\/05\/IMG_26122-1-1024x768.jpg 1024w, https:\/\/urlaubinkolberg.de\/wp-content\/uploads\/2024\/05\/IMG_26122-1-300x225.jpg 300w, https:\/\/urlaubinkolberg.de\/wp-content\/uploads\/2024\/05\/IMG_26122-1-768x576.jpg 768w, https:\/\/urlaubinkolberg.de\/wp-content\/uploads\/2024\/05\/IMG_26122-1-1536x1152.jpg 1536w, https:\/\/urlaubinkolberg.de\/wp-content\/uploads\/2024\/05\/IMG_26122-1-2048x1536.jpg 2048w, https:\/\/urlaubinkolberg.de\/wp-content\/uploads\/2024\/05\/IMG_26122-1-1140x855.jpg 1140w\" sizes=\"auto, (max-width: 1024px) 100vw, 1024px\" \/><\/figure>\n\n\n\n<figure class=\"wp-block-image size-large\"><img loading=\"lazy\" decoding=\"async\" width=\"1024\" height=\"768\" data-id=\"146\" src=\"https:\/\/urlaubinkolberg.de\/wp-content\/uploads\/2024\/05\/IMG_26132-1-1024x768.jpg\" alt=\"\" class=\"wp-image-146\" srcset=\"https:\/\/urlaubinkolberg.de\/wp-content\/uploads\/2024\/05\/IMG_26132-1-1024x768.jpg 1024w, https:\/\/urlaubinkolberg.de\/wp-content\/uploads\/2024\/05\/IMG_26132-1-300x225.jpg 300w, https:\/\/urlaubinkolberg.de\/wp-content\/uploads\/2024\/05\/IMG_26132-1-768x576.jpg 768w, https:\/\/urlaubinkolberg.de\/wp-content\/uploads\/2024\/05\/IMG_26132-1-1536x1152.jpg 1536w, https:\/\/urlaubinkolberg.de\/wp-content\/uploads\/2024\/05\/IMG_26132-1-2048x1536.jpg 2048w, https:\/\/urlaubinkolberg.de\/wp-content\/uploads\/2024\/05\/IMG_26132-1-1140x855.jpg 1140w\" sizes=\"auto, (max-width: 1024px) 100vw, 1024px\" \/><\/figure>\n<\/figure>\n\n\n\n<p><\/p>\n\n\n\n<figure class=\"wp-block-image size-large\"><img loading=\"lazy\" decoding=\"async\" width=\"1024\" height=\"768\" src=\"https:\/\/urlaubinkolberg.de\/wp-content\/uploads\/2024\/05\/PHOTO-2024-05-11-09-43-57-1-1024x768.jpg\" alt=\"\" class=\"wp-image-155\" srcset=\"https:\/\/urlaubinkolberg.de\/wp-content\/uploads\/2024\/05\/PHOTO-2024-05-11-09-43-57-1-1024x768.jpg 1024w, https:\/\/urlaubinkolberg.de\/wp-content\/uploads\/2024\/05\/PHOTO-2024-05-11-09-43-57-1-300x225.jpg 300w, https:\/\/urlaubinkolberg.de\/wp-content\/uploads\/2024\/05\/PHOTO-2024-05-11-09-43-57-1-768x576.jpg 768w, https:\/\/urlaubinkolberg.de\/wp-content\/uploads\/2024\/05\/PHOTO-2024-05-11-09-43-57-1-1536x1152.jpg 1536w, https:\/\/urlaubinkolberg.de\/wp-content\/uploads\/2024\/05\/PHOTO-2024-05-11-09-43-57-1-1140x855.jpg 1140w, https:\/\/urlaubinkolberg.de\/wp-content\/uploads\/2024\/05\/PHOTO-2024-05-11-09-43-57-1.jpg 1600w\" sizes=\"auto, (max-width: 1024px) 100vw, 1024px\" \/><\/figure>","protected":false},"excerpt":{"rendered":"<p>In der Anlage finden die Kinder zwei super ausgestattete Au\u00dfenspielpl\u00e4tze und einen Indoor-Spielplatz. Hier k\u00f6nnen sich die J\u00fcngsten von 10:00 bis 22:00 Uhr austoben, w\u00e4hrend die Eltern im Fitnessstudio trainieren. Durch eine Glaswand kann man die Kinder beobachten und sich beim Sport entspannen.<\/p>","protected":false},"author":1,"featured_media":0,"parent":0,"menu_order":0,"comment_status":"closed","ping_status":"closed","template":"","meta":{"_monsterinsights_skip_tracking":false,"_monsterinsights_sitenote_active":false,"_monsterinsights_sitenote_note":"","_monsterinsights_sitenote_category":0,"footnotes":""},"class_list":["post-138","page","type-page","status-publish","hentry"],"_links":{"self":[{"href":"https:\/\/urlaubinkolberg.de\/pl\/wp-json\/wp\/v2\/pages\/138","targetHints":{"allow":["GET"]}}],"collection":[{"href":"https:\/\/urlaubinkolberg.de\/pl\/wp-json\/wp\/v2\/pages"}],"about":[{"href":"https:\/\/urlaubinkolberg.de\/pl\/wp-json\/wp\/v2\/types\/page"}],"author":[{"embeddable":true,"href":"https:\/\/urlaubinkolberg.de\/pl\/wp-json\/wp\/v2\/users\/1"}],"replies":[{"embeddable":true,"href":"https:\/\/urlaubinkolberg.de\/pl\/wp-json\/wp\/v2\/comments?post=138"}],"version-history":[{"count":5,"href":"https:\/\/urlaubinkolberg.de\/pl\/wp-json\/wp\/v2\/pages\/138\/revisions"}],"predecessor-version":[{"id":239,"href":"https:\/\/urlaubinkolberg.de\/pl\/wp-json\/wp\/v2\/pages\/138\/revisions\/239"}],"wp:attachment":[{"href":"https:\/\/urlaubinkolberg.de\/pl\/wp-json\/wp\/v2\/media?parent=138"}],"curies":[{"name":"wp","href":"https:\/\/api.w.org\/{rel}","templated":true}]}}