{"id":2,"date":"2024-05-21T17:28:53","date_gmt":"2024-05-21T15:28:53","guid":{"rendered":"https:\/\/urlaubinkolberg.de\/?page_id=2"},"modified":"2024-07-09T10:26:15","modified_gmt":"2024-07-09T08:26:15","slug":"przykladowa-strona","status":"publish","type":"page","link":"https:\/\/urlaubinkolberg.de\/pl\/","title":{"rendered":"Zapraszamy"},"content":{"rendered":"<p><strong>Witamy w naszym nadmorskim raju! \ud83c\udf0a<\/strong> \ud83c\udf0a<\/p>\n\n\n\n<p>Je\u015bli marzycie o relaksie nad Ba\u0142tykiem, to trafili\u015bcie w dziesi\u0105tk\u0119! Nasz luksusowy Apartament 001 w spokojnej dzielnicy Ko\u0142obrzegu \u2013 Podczelu, czeka na Was z otwartymi ramionami. \ud83c\udf1e<\/p>\n\n\n\n<p>Co oferujemy?<\/p>\n\n\n\n<ul class=\"wp-block-list\">\n<li><strong>Lokalizacja<\/strong>: w pobli\u017cu Ekoparku Wschodniego z licznymi gatunkami ptak\u00f3w i ma\u0142ych ssak\u00f3w\ud83e\udd8e\ud83e\udd86 Cicha i spokojna okolica pomimo pobliskiego lotniska Bagicz, z kt\u00f3rego mo\u017cna wzbi\u0107 si\u0119 jak ptak i podziwia\u0107 widoki! \ud83e\udd85<\/li>\n\n\n\n<li><strong>Wszystko pod r\u0119k\u0105<\/strong>: Sklepy, ko\u015bci\u00f3\u0142, gabinet masa\u017cu, a nawet poczta \u2013 wszystko w zasi\u0119gu kilkuset metr\u00f3w. \ud83d\udcec <\/li>\n<\/ul>\n\n\n\n<p>Nasz apartament:<\/p>\n\n\n\n<ul class=\"wp-block-list\">\n<li><strong>38 metr\u00f3w kwadratowych luksusu<\/strong>: Przytulna sypialnia, salon z aneksem kuchennym i \u0142azienka z prysznicem. \ud83d\udecf\ufe0f<\/li>\n\n\n\n<li><strong>Wyposa\u017cenie<\/strong>: Suszarka do prania, \u017celazko, deska do prasowania, 4-palnikowa p\u0142yta indukcyjna, mikrofal\u00f3wka, zmywarka, lod\u00f3wka, zamra\u017carka, czajnik, ekspres do kawy, toster, zastawa sto\u0142owa, pralka, suszarka do w\u0142os\u00f3w, odkurzacz \u2013 wszystko, czego dusza zapragnie! \ud83e\uddfa<\/li>\n\n\n\n<li><strong>Zestaw recznikow\/posciele<\/strong> dla czterech osob<\/li>\n<\/ul>\n\n\n\n<p>Rozrywka:<\/p>\n\n\n\n<ul class=\"wp-block-list\">\n<li>TV in jedem Zimmer: nat\u00fcrlich mit Kabelfernsehen und inkl. deutsche Sender! \ud83d\udcfa<\/li>\n\n\n\n<li>WiFi: Bo jak\u017ce inaczej? \ud83c\udf10<\/li>\n<\/ul>\n\n\n\n<p>Dodatkowe atrakcje:<\/p>\n\n\n\n<ul class=\"wp-block-list\">\n<li><strong>Du\u017cy taras<\/strong>: Z meblami ogrodowymi i ma\u0142ym ogr\u00f3dkiem. \ud83c\udf3f<\/li>\n\n\n\n<li><strong>Basen wewn\u0119trzny, sauna, jacuzzi, si\u0142ownia, bawialnia, basen zewn\u0119trzny (latem) - od 10:00 do 22:00, grillownia, dwa place zabaw, parking:<\/strong> Wszystko w cenie pobytu! \ud83c\udfca\u200d\u2642\ufe0f<\/li>\n<\/ul>\n\n\n\n<p>Podczele \u2013 idealne miejsce na wypoczynek:<\/p>\n\n\n\n<ul class=\"wp-block-list\">\n<li><strong>Pla\u017ca<\/strong>: Zadbana i niezat\u0142oczona, tylko 900 metr\u00f3w od apartamentu. \ud83c\udfd6\ufe0f<\/li>\n\n\n\n<li><strong>Jedzenie<\/strong>: Pyszne, lokalne specja\u0142y. \ud83c\udf7d\ufe0f<\/li>\n\n\n\n<li><strong>Rower<\/strong>: Wypo\u017cyczalnia i \u015bcie\u017cka rowerowa przez Eco Park Wschodni z widokami na pla\u017c\u0119 do Ko\u0142obrzegu i dalej na wsch\u00f3d. \ud83d\udeb4\u200d\u2642\ufe0f<\/li>\n<\/ul>\n\n\n\n<p>Zasady:<\/p>\n\n\n\n<p>Zakaz palenia: W apartamencie! \ud83d\udead<br>Zwierz\u0119ta: Niestety, nie s\u0105 akceptowane. \ud83d\udc3e<\/p>\n\n\n\n<p>CENA POZA SEZONEM LETNIM \u2013 200 PLN ZA NOC!<\/p>\n\n\n\n<ul class=\"wp-block-list\">\n<li><strong>Dodatkowo<\/strong>: Jednorazowa op\u0142ata za sprz\u0105tanie ko\u0144cowe \u2013 250 z\u0142.<\/li>\n\n\n\n<li><strong>Kaucja<\/strong>: Zwrotna przy wymeldowaniu.<\/li>\n<\/ul>\n\n\n\n<p>Wir laden Sie ein, zu <a href=\"https:\/\/urlaubinkolberg.de\/pl\/buchung\/\" data-type=\"page\" data-id=\"25\">buchen<\/a> und w\u00fcnschen Ihnen einen angenehmen Aufenthalt! \ud83c\udf89<\/p>","protected":false},"excerpt":{"rendered":"<p>Willkommen in unserem Paradies an der Ostsee! \ud83c\udf0a Wenn Sie davon tr\u00e4umen, an der Ostsee zu entspannen, haben Sie den Jackpot geknackt! Unser luxuri\u00f6ses Apartment 001 in einem ruhigen Stadtteil von Kolobrzeg &#8211; Podczele, wartet mit offenen Armen auf Sie. \ud83c\udf1e Was bieten wir Ihnen? Unsere Wohnung: Unterhaltung: Zus\u00e4tzliche Attraktionen: Podczele &#8211; ein idealer Ort zum Entspannen: Regeln: Rauchen verboten: In der Wohnung! \ud83d\udeadHaustiere: Leider werden sie nicht akzeptiert. \ud83d\udc3e PREIS AUSSERHALB DER SOMMERSAISON &#8211; 200 PLN PRO NACHT! Wir laden Sie ein, zu buchen und w\u00fcnschen Ihnen einen angenehmen Aufenthalt! \ud83c\udf89<\/p>","protected":false},"author":1,"featured_media":0,"parent":0,"menu_order":0,"comment_status":"closed","ping_status":"open","template":"","meta":{"_monsterinsights_skip_tracking":false,"_monsterinsights_sitenote_active":false,"_monsterinsights_sitenote_note":"","_monsterinsights_sitenote_category":0,"footnotes":""},"class_list":["post-2","page","type-page","status-publish","hentry"],"_links":{"self":[{"href":"https:\/\/urlaubinkolberg.de\/pl\/wp-json\/wp\/v2\/pages\/2","targetHints":{"allow":["GET"]}}],"collection":[{"href":"https:\/\/urlaubinkolberg.de\/pl\/wp-json\/wp\/v2\/pages"}],"about":[{"href":"https:\/\/urlaubinkolberg.de\/pl\/wp-json\/wp\/v2\/types\/page"}],"author":[{"embeddable":true,"href":"https:\/\/urlaubinkolberg.de\/pl\/wp-json\/wp\/v2\/users\/1"}],"replies":[{"embeddable":true,"href":"https:\/\/urlaubinkolberg.de\/pl\/wp-json\/wp\/v2\/comments?post=2"}],"version-history":[{"count":5,"href":"https:\/\/urlaubinkolberg.de\/pl\/wp-json\/wp\/v2\/pages\/2\/revisions"}],"predecessor-version":[{"id":245,"href":"https:\/\/urlaubinkolberg.de\/pl\/wp-json\/wp\/v2\/pages\/2\/revisions\/245"}],"wp:attachment":[{"href":"https:\/\/urlaubinkolberg.de\/pl\/wp-json\/wp\/v2\/media?parent=2"}],"curies":[{"name":"wp","href":"https:\/\/api.w.org\/{rel}","templated":true}]}}