{"id":52,"date":"2024-05-22T00:55:34","date_gmt":"2024-05-21T22:55:34","guid":{"rendered":"https:\/\/urlaubinkolberg.de\/?page_id=52"},"modified":"2024-07-08T12:18:10","modified_gmt":"2024-07-08T10:18:10","slug":"workation","status":"publish","type":"page","link":"https:\/\/urlaubinkolberg.de\/pl\/workation\/","title":{"rendered":"Praca zdalna"},"content":{"rendered":"<blockquote class=\"wp-block-quote is-layout-flow wp-block-quote-is-layout-flow\">\n<p>Workation ist eine Kombination aus Arbeit und Urlaub. Dabei arbeiten Besch\u00e4ftigte f\u00fcr eine gewisse Zeit von einem anderen Ort aus. Diese Arbeitsform bietet einige Vorteile:<\/p>\n<\/blockquote>\n\n\n\n<blockquote class=\"wp-block-quote is-layout-flow wp-block-quote-is-layout-flow\">\n<p><strong>Flexibilit\u00e4t:<\/strong> Arbeitnehmer sind nicht mehr an die Zahl ihrer Urlaubstage gebunden. Sie k\u00f6nnen von verschiedenen Orten aus arbeiten und dabei ihre Aufgaben erledigen.<br><strong>Motivation und Kreativit\u00e4t:<\/strong> Ein Tapetenwechsel kann sich positiv auf die Arbeitsmotivation und die Kreativit\u00e4t auswirken.<br><strong>Beliebtheit:<\/strong> Workation erfreut sich zunehmender Beliebtheit, insbesondere bei jungen Menschen und Unternehmen, die die Chancen dieser flexiblen Arbeitsform erkennen<\/p>\n<cite>Wir bieten Ihnen einen Schreibtisch mit einem Monitor, damit Sie so bequem wie m\u00f6glich arbeiten k\u00f6nnen. Es ist auch m\u00f6glich, die Wohnung langfristig zu mieten (z.B. f\u00fcr einen Monat). Bei Fragen kontaktieren Sie uns.<\/cite><\/blockquote>\n\n\n\n<figure class=\"wp-block-gallery has-nested-images columns-default is-cropped wp-block-gallery-1 is-layout-flex wp-block-gallery-is-layout-flex\">\n<figure class=\"wp-block-image size-large\"><img loading=\"lazy\" decoding=\"async\" width=\"1024\" height=\"768\" data-id=\"75\" src=\"https:\/\/urlaubinkolberg.de\/wp-content\/uploads\/2024\/05\/IMG_3567-1024x768.jpg\" alt=\"\" class=\"wp-image-75\" srcset=\"https:\/\/urlaubinkolberg.de\/wp-content\/uploads\/2024\/05\/IMG_3567-1024x768.jpg 1024w, https:\/\/urlaubinkolberg.de\/wp-content\/uploads\/2024\/05\/IMG_3567-300x225.jpg 300w, https:\/\/urlaubinkolberg.de\/wp-content\/uploads\/2024\/05\/IMG_3567-768x576.jpg 768w, https:\/\/urlaubinkolberg.de\/wp-content\/uploads\/2024\/05\/IMG_3567-1536x1152.jpg 1536w, https:\/\/urlaubinkolberg.de\/wp-content\/uploads\/2024\/05\/IMG_3567-2048x1536.jpg 2048w, https:\/\/urlaubinkolberg.de\/wp-content\/uploads\/2024\/05\/IMG_3567-1140x855.jpg 1140w\" sizes=\"auto, (max-width: 1024px) 100vw, 1024px\" \/><\/figure>\n\n\n\n<figure class=\"wp-block-image size-large\"><img loading=\"lazy\" decoding=\"async\" width=\"1024\" height=\"768\" data-id=\"79\" src=\"https:\/\/urlaubinkolberg.de\/wp-content\/uploads\/2024\/05\/IMG_3566-1-1024x768.jpg\" alt=\"\" class=\"wp-image-79\" srcset=\"https:\/\/urlaubinkolberg.de\/wp-content\/uploads\/2024\/05\/IMG_3566-1-1024x768.jpg 1024w, https:\/\/urlaubinkolberg.de\/wp-content\/uploads\/2024\/05\/IMG_3566-1-300x225.jpg 300w, https:\/\/urlaubinkolberg.de\/wp-content\/uploads\/2024\/05\/IMG_3566-1-768x576.jpg 768w, https:\/\/urlaubinkolberg.de\/wp-content\/uploads\/2024\/05\/IMG_3566-1-1536x1152.jpg 1536w, https:\/\/urlaubinkolberg.de\/wp-content\/uploads\/2024\/05\/IMG_3566-1-2048x1536.jpg 2048w, https:\/\/urlaubinkolberg.de\/wp-content\/uploads\/2024\/05\/IMG_3566-1-1140x855.jpg 1140w\" sizes=\"auto, (max-width: 1024px) 100vw, 1024px\" \/><\/figure>\n<\/figure>","protected":false},"excerpt":{"rendered":"<p>Workation ist eine Kombination aus Arbeit und Urlaub. Dabei arbeiten Besch\u00e4ftigte f\u00fcr eine gewisse Zeit von einem anderen Ort aus. Diese Arbeitsform bietet einige Vorteile: Flexibilit\u00e4t: Arbeitnehmer sind nicht mehr an die Zahl ihrer Urlaubstage gebunden. Sie k\u00f6nnen von verschiedenen Orten aus arbeiten und dabei ihre Aufgaben erledigen.Motivation und Kreativit\u00e4t: Ein Tapetenwechsel kann sich positiv auf die Arbeitsmotivation und die Kreativit\u00e4t auswirken.Beliebtheit: Workation erfreut sich zunehmender Beliebtheit, insbesondere bei jungen Menschen und Unternehmen, die die Chancen dieser flexiblen Arbeitsform erkennen Wir bieten Ihnen einen Schreibtisch mit einem Monitor, damit Sie so bequem wie m\u00f6glich arbeiten k\u00f6nnen. Es ist auch m\u00f6glich, die Wohnung langfristig zu mieten (z.B. f\u00fcr einen Monat). Bei Fragen kontaktieren Sie uns.<\/p>","protected":false},"author":1,"featured_media":0,"parent":0,"menu_order":0,"comment_status":"closed","ping_status":"closed","template":"","meta":{"_monsterinsights_skip_tracking":false,"_monsterinsights_sitenote_active":false,"_monsterinsights_sitenote_note":"","_monsterinsights_sitenote_category":0,"footnotes":""},"class_list":["post-52","page","type-page","status-publish","hentry"],"_links":{"self":[{"href":"https:\/\/urlaubinkolberg.de\/pl\/wp-json\/wp\/v2\/pages\/52","targetHints":{"allow":["GET"]}}],"collection":[{"href":"https:\/\/urlaubinkolberg.de\/pl\/wp-json\/wp\/v2\/pages"}],"about":[{"href":"https:\/\/urlaubinkolberg.de\/pl\/wp-json\/wp\/v2\/types\/page"}],"author":[{"embeddable":true,"href":"https:\/\/urlaubinkolberg.de\/pl\/wp-json\/wp\/v2\/users\/1"}],"replies":[{"embeddable":true,"href":"https:\/\/urlaubinkolberg.de\/pl\/wp-json\/wp\/v2\/comments?post=52"}],"version-history":[{"count":5,"href":"https:\/\/urlaubinkolberg.de\/pl\/wp-json\/wp\/v2\/pages\/52\/revisions"}],"predecessor-version":[{"id":244,"href":"https:\/\/urlaubinkolberg.de\/pl\/wp-json\/wp\/v2\/pages\/52\/revisions\/244"}],"wp:attachment":[{"href":"https:\/\/urlaubinkolberg.de\/pl\/wp-json\/wp\/v2\/media?parent=52"}],"curies":[{"name":"wp","href":"https:\/\/api.w.org\/{rel}","templated":true}]}}