{"id":64,"date":"2024-05-22T21:29:48","date_gmt":"2024-05-22T19:29:48","guid":{"rendered":"https:\/\/urlaubinkolberg.de\/?page_id=64"},"modified":"2024-05-26T18:48:00","modified_gmt":"2024-05-26T16:48:00","slug":"fahrrad","status":"publish","type":"page","link":"https:\/\/urlaubinkolberg.de\/pl\/fahrrad\/","title":{"rendered":"Rower"},"content":{"rendered":"<p>Direkt vom Strand kann man die EuroVelo-Route EV10 (Ostseek\u00fcsten-Route) erreichen, auch Ostseek\u00fcsten-Radweg,&nbsp;Hansa-Route, international Baltic Sea Cycle Route (Hansa circuit) genannt, ist ein europ\u00e4ischer Fernradweg. Sie f\u00fchrt \u00fcber ca. 7.980 Kilometer rund um die Ostsee.<br><br><a href=\"https:\/\/de.eurovelo.com\/ev10\/poland\">https:\/\/de.eurovelo.com\/ev10\/poland <\/a><br><br><\/p>\n\n\n\n<figure class=\"wp-block-gallery has-nested-images columns-default is-cropped wp-block-gallery-1 is-layout-flex wp-block-gallery-is-layout-flex\">\n<figure class=\"wp-block-image size-large\"><img loading=\"lazy\" decoding=\"async\" width=\"840\" height=\"456\" data-id=\"114\" src=\"https:\/\/urlaubinkolberg.de\/wp-content\/uploads\/2024\/05\/image-4.png\" alt=\"\" class=\"wp-image-114\" srcset=\"https:\/\/urlaubinkolberg.de\/wp-content\/uploads\/2024\/05\/image-4.png 840w, https:\/\/urlaubinkolberg.de\/wp-content\/uploads\/2024\/05\/image-4-300x163.png 300w, https:\/\/urlaubinkolberg.de\/wp-content\/uploads\/2024\/05\/image-4-768x417.png 768w\" sizes=\"auto, (max-width: 840px) 100vw, 840px\" \/><\/figure>\n<\/figure>\n\n\n\n<h2 class=\"wp-block-heading\">Fahrradverleih<\/h2>\n\n\n\n<figure class=\"wp-block-gallery has-nested-images columns-default is-cropped wp-block-gallery-2 is-layout-flex wp-block-gallery-is-layout-flex\">\n<figure class=\"wp-block-image size-large\"><img loading=\"lazy\" decoding=\"async\" width=\"633\" height=\"389\" data-id=\"124\" src=\"https:\/\/urlaubinkolberg.de\/wp-content\/uploads\/2024\/05\/image-5.png\" alt=\"\" class=\"wp-image-124\" srcset=\"https:\/\/urlaubinkolberg.de\/wp-content\/uploads\/2024\/05\/image-5.png 633w, https:\/\/urlaubinkolberg.de\/wp-content\/uploads\/2024\/05\/image-5-300x184.png 300w\" sizes=\"auto, (max-width: 633px) 100vw, 633px\" \/><\/figure>\n<\/figure>","protected":false},"excerpt":{"rendered":"<p>Direkt vom Strand kann man die EuroVelo-Route EV10 (Ostseek\u00fcsten-Route) erreichen, auch Ostseek\u00fcsten-Radweg,&nbsp;Hansa-Route, international Baltic Sea Cycle Route (Hansa circuit) genannt, ist ein europ\u00e4ischer Fernradweg. Sie f\u00fchrt \u00fcber ca. 7.980 Kilometer rund um die Ostsee. https:\/\/de.eurovelo.com\/ev10\/poland Fahrradverleih<\/p>","protected":false},"author":1,"featured_media":0,"parent":0,"menu_order":0,"comment_status":"closed","ping_status":"closed","template":"","meta":{"_monsterinsights_skip_tracking":false,"_monsterinsights_sitenote_active":false,"_monsterinsights_sitenote_note":"","_monsterinsights_sitenote_category":0,"footnotes":""},"class_list":["post-64","page","type-page","status-publish","hentry"],"_links":{"self":[{"href":"https:\/\/urlaubinkolberg.de\/pl\/wp-json\/wp\/v2\/pages\/64","targetHints":{"allow":["GET"]}}],"collection":[{"href":"https:\/\/urlaubinkolberg.de\/pl\/wp-json\/wp\/v2\/pages"}],"about":[{"href":"https:\/\/urlaubinkolberg.de\/pl\/wp-json\/wp\/v2\/types\/page"}],"author":[{"embeddable":true,"href":"https:\/\/urlaubinkolberg.de\/pl\/wp-json\/wp\/v2\/users\/1"}],"replies":[{"embeddable":true,"href":"https:\/\/urlaubinkolberg.de\/pl\/wp-json\/wp\/v2\/comments?post=64"}],"version-history":[{"count":3,"href":"https:\/\/urlaubinkolberg.de\/pl\/wp-json\/wp\/v2\/pages\/64\/revisions"}],"predecessor-version":[{"id":125,"href":"https:\/\/urlaubinkolberg.de\/pl\/wp-json\/wp\/v2\/pages\/64\/revisions\/125"}],"wp:attachment":[{"href":"https:\/\/urlaubinkolberg.de\/pl\/wp-json\/wp\/v2\/media?parent=64"}],"curies":[{"name":"wp","href":"https:\/\/api.w.org\/{rel}","templated":true}]}}